{"id":5180,"date":"2021-05-18T17:49:11","date_gmt":"2021-05-18T15:49:11","guid":{"rendered":"https:\/\/www.lanthierbakery.com\/FR\/?page_id=5180"},"modified":"2021-11-29T10:25:03","modified_gmt":"2021-11-29T09:25:03","slug":"aide-general-2","status":"publish","type":"page","link":"https:\/\/www.lanthierbakery.com\/FR\/recrutement\/aide-general-2\/","title":{"rendered":"Aide G\u00e9n\u00e9ral"},"content":{"rendered":"<p>[vc_row section_type=\u00a0\u00bbfullwidth\u00a0\u00bb padding_top_multiplier=\u00a0\u00bb\u00a0\u00bb][vc_column][vc_single_image image=\u00a0\u00bb4966&Prime; img_size=\u00a0\u00bbfull\u00a0\u00bb][\/vc_column][\/vc_row][vc_row padding_top_multiplier=\u00a0\u00bb\u00a0\u00bb][vc_column width=\u00a0\u00bb1\/6&Prime;][\/vc_column][vc_column width=\u00a0\u00bb2\/3&Prime;]<h3 class=\"eut-element eut-title eut-align-center eut-h2 eut-custom-font-1\" style=\"\"><span><br>\n<p style=\"text-align: center; color: #df2826;\">Aide G\u00e9n\u00e9ral<br>\n<\/span><\/h3>[vc_column_text]<\/p>\n<p style=\"text-align: center;\">La boulangerie Lanthier est une entreprise familiale innovante et reconnue pour ses produits de qualit\u00e9. L&rsquo;entreprise a r\u00e9cemment ajout\u00e9 de nouvelles lignes de production et continue de cro\u00eetre. Si vous \u00eates une personne dynamique avec une bonne \u00e9thique de travail, envoyez-nous votre candidature !<\/p>\n<p>[\/vc_column_text][\/vc_column][vc_column width=\u00a0\u00bb1\/6&Prime;][\/vc_column][\/vc_row][vc_row padding_bottom_multiplier=\u00a0\u00bb2x\u00a0\u00bb rc_link_color=\u00a0\u00bbprimary-3&Prime; rc_link_hover_color=\u00a0\u00bbprimary-4&Prime;][vc_column][vc_column_text]<\/p>\n<p style=\"text-align: center; color: #392017; font-size: 1.3em !important;\">Nous recrutons pour notre site de production de Baie-d&rsquo;Urf\u00e9 :<\/p>\n<p style=\"text-align: center; color: #392017; font-size: 1.3em !important;\"><strong>Aide G\u00e9n\u00e9ral H \/ F<\/strong><\/p>\n<p style=\"color: #392017; font-size: 1.3em !important;\"><strong>Vos missions \/ Description du poste :<\/strong><\/p>\n<p>Plusieurs postes d\u2019aide-g\u00e9n\u00e9ral sont disponibles dans les d\u00e9partements suivants : plonge, sanitation, production et conditionnement.<\/p>\n<ul>\n<li>Aider l\u2019op\u00e9rateur dans son travail<\/li>\n<li>D\u00e9celer et r\u00e9soudre les probl\u00e8mes d\u2019op\u00e9ration de la station de travail;<\/li>\n<li>Aider l\u2019op\u00e9rateur \u00e0 faire les ajustements n\u00e9cessaires selon le type de pain produit (par exemple, faire le changement d\u2019\u00e9tiquette, de sac, de farine etc.);<\/li>\n<li>Effectuer toutes t\u00e2ches connexes jug\u00e9es n\u00e9cessaires par le contrema\u00eetre;<\/li>\n<li>Assurer la propret\u00e9 de son poste de travail;<\/li>\n<li>Respecter les bonnes pratiques de fabrication et les r\u00e8gles de sant\u00e9 et s\u00e9curit\u00e9 au travail.<\/li>\n<\/ul>\n<p style=\"color: #392017; font-size: 1.3em !important;\"><strong>Salaire : <\/strong><\/p>\n<ul>\n<li>20.44$\/h pouvant aller jusqu&rsquo;\u00e0 22.94$\/h avec primes<\/li>\n<\/ul>\n<p><strong style=\"color: #392017; font-family: inherit; font-size: 1.3em; font-style: inherit; font-variant-ligatures: inherit; font-variant-caps: inherit;\">Conditions propos\u00e9es :<\/strong><\/p>\n<ul>\n<li>Quart de Soir et Nuit<\/li>\n<\/ul>\n<p style=\"color: #392017; font-size: 1.3em !important;\"><strong>Votre profil : <\/strong><\/p>\n<ul>\n<li>DES termin\u00e9 ou formation \u00e9quivalente compl\u00e9t\u00e9<\/li>\n<li>Exp\u00e9rience en milieu industriel (un atout)<\/li>\n<li>Bilinguisme consid\u00e9r\u00e9 comme un atout<\/li>\n<li>Orient\u00e9 vers le souci du d\u00e9tail, l&rsquo;autonomie et l&rsquo;esprit d&rsquo;\u00e9quipe.<\/li>\n<\/ul>\n<p style=\"color: #392017; font-size: 1.3em !important;\"><strong>Contact :<\/strong><\/p>\n<p><strong>Nous offrons un milieu de travail stimulant, des coll\u00e8gues conviviaux, une opportunit\u00e9 de grandir au sein de la boulangerie et, une odeur de pain brioch\u00e9 frais, sortant du four.<\/strong><\/p>\n<p><strong>Vous vous reconnaissez dans ce poste ? N\u2019attendez pas ! D\u00e9posez votre candidature d\u00e8s maintenant en indiquant quel quart de travail vous int\u00e9resse.<\/strong><\/p>\n<p style=\"color: #392017;\">Envoyez votre candidature (CV et lettre de motivation) \u00e0 : <a href=\"mailto:careers@lanthierbakery.com\">careers@lanthierbakery.com<\/a><\/p>\n<p>[\/vc_column_text][\/vc_column][\/vc_row][vc_row tablet_visibility=\u00a0\u00bbhide\u00a0\u00bb tablet_sm_visibility=\u00a0\u00bbhide\u00a0\u00bb mobile_visibility=\u00a0\u00bbhide\u00a0\u00bb][vc_column]\n\t\t\t<!-- START Lanthier foot REVOLUTION SLIDER 6.1.5 --><p class=\"rs-p-wp-fix\"><\/p>\n\t\t\t<rs-module-wrap id=\"rev_slider_7_1_wrapper\" data-source=\"gallery\" style=\"background:transparent;padding:0;margin:0px auto;margin-top:0;margin-bottom:0;\">\n\t\t\t\t<rs-module id=\"rev_slider_7_1\" style=\"display:none;\" data-version=\"6.1.5\">\n\t\t\t\t\t<rs-slides>\n\t\t\t\t\t\t<rs-slide data-key=\"rs-7\" data-title=\"Slide\" data-anim=\"ei:d;eo:d;s:1000;r:0;t:fade;sl:0;\">\n\t\t\t\t\t\t\t<img src=\"\/\/www.lanthierbakery.com\/FR\/wp-content\/plugins\/revslider\/public\/assets\/assets\/transparent.png\" title=\"Aide G\u00e9n\u00e9ral\" data-parallax=\"off\" class=\"rev-slidebg\" data-no-retina>\n<!--\n\t\t\t\t\t\t\t--><rs-layer\n\t\t\t\t\t\t\t\tid=\"slider-7-slide-7-layer-0\" \n\t\t\t\t\t\t\t\tclass=\"rs-pxl-15\"\n\t\t\t\t\t\t\t\tdata-type=\"image\"\n\t\t\t\t\t\t\t\tdata-xy=\"x:c;\"\n\t\t\t\t\t\t\t\tdata-text=\"w:normal;\"\n\t\t\t\t\t\t\t\tdata-dim=\"w:100%;\"\n\t\t\t\t\t\t\t\tdata-rsp_o=\"off\"\n\t\t\t\t\t\t\t\tdata-rsp_bd=\"off\"\n\t\t\t\t\t\t\t\tdata-frame_999=\"o:0;st:w;\"\n\t\t\t\t\t\t\t\tstyle=\"z-index:5;\"\n\t\t\t\t\t\t\t><img src=\"\/\/www.lanthierbakery.com\/FR\/wp-content\/uploads\/2020\/02\/Lanthier-Footer-BD.jpg\" alt=\"Image d\u00e9corative de Lanthier\" width=\"1920\" height=\"668\" data-c=\"fullwidth\" data-no-retina> \n\t\t\t\t\t\t\t<\/rs-layer><!--\n-->\t\t\t\t\t\t<\/rs-slide>\n\t\t\t\t\t<\/rs-slides>\n\t\t\t\t\t<rs-progress class=\"rs-bottom\" style=\"visibility: hidden !important;\"><\/rs-progress>\n\t\t\t\t<\/rs-module>\n\t\t\t\t<script type=\"text\/javascript\">\n\t\t\t\t\tsetREVStartSize({c: 'rev_slider_7_1',rl:[1240,1024,778,480],el:[650],gw:[1920],gh:[650],layout:'fullwidth',mh:\"0\"});\n\t\t\t\t\tvar\trevapi7,\n\t\t\t\t\t\ttpj;\n\t\t\t\t\tjQuery(function() {\n\t\t\t\t\t\ttpj = jQuery;\n\t\t\t\t\t\tif(tpj(\"#rev_slider_7_1\").revolution == undefined){\n\t\t\t\t\t\t\trevslider_showDoubleJqueryError(\"#rev_slider_7_1\");\n\t\t\t\t\t\t}else{\n\t\t\t\t\t\t\trevapi7 = tpj(\"#rev_slider_7_1\").show().revolution({\n\t\t\t\t\t\t\t\tsliderType:\"hero\",\n\t\t\t\t\t\t\t\tjsFileLocation:\"\/\/www.lanthierbakery.com\/FR\/wp-content\/plugins\/revslider\/public\/assets\/js\/\",\n\t\t\t\t\t\t\t\tsliderLayout:\"fullwidth\",\n\t\t\t\t\t\t\t\tvisibilityLevels:\"1240,1024,778,480\",\n\t\t\t\t\t\t\t\tgridwidth:1920,\n\t\t\t\t\t\t\t\tgridheight:650,\n\t\t\t\t\t\t\t\tminHeight:\"\",\n\t\t\t\t\t\t\t\tspinner:\"spinner0\",\n\t\t\t\t\t\t\t\teditorheight:\"650,768,960,720\",\n\t\t\t\t\t\t\t\tresponsiveLevels:\"1240,1024,778,480\",\n\t\t\t\t\t\t\t\tdisableProgressBar:\"on\",\n\t\t\t\t\t\t\t\tnavigation: {\n\t\t\t\t\t\t\t\t\tonHoverStop:false\n\t\t\t\t\t\t\t\t},\n\t\t\t\t\t\t\t\tparallax: {\n\t\t\t\t\t\t\t\t\tlevels:[5,10,15,20,25,30,35,40,45,46,47,48,49,50,51,30],\n\t\t\t\t\t\t\t\t\ttype:\"scroll\",\n\t\t\t\t\t\t\t\t\torigo:\"slidercenter\",\n\t\t\t\t\t\t\t\t\tspeed:0\n\t\t\t\t\t\t\t\t},\n\t\t\t\t\t\t\t\tscrolleffect: {\n\t\t\t\t\t\t\t\t\tset:true,\n\t\t\t\t\t\t\t\t\tmultiplicator:1.3,\n\t\t\t\t\t\t\t\t\tmultiplicator_layers:1.3,\n\t\t\t\t\t\t\t\t\tmobile:true\n\t\t\t\t\t\t\t\t},\n\t\t\t\t\t\t\t\tsbtimeline: {\n\t\t\t\t\t\t\t\t\tset:true\n\t\t\t\t\t\t\t\t},\n\t\t\t\t\t\t\t\tfallbacks: {\n\t\t\t\t\t\t\t\t\tallowHTML5AutoPlayOnAndroid:true\n\t\t\t\t\t\t\t\t},\n\t\t\t\t\t\t\t});\n\t\t\t\t\t\t}\n\t\t\t\t\t\t\n\t\t\t\t\t});\n\t\t\t\t<\/script>\n\t\t\t<\/rs-module-wrap>\n\t\t\t<!-- END REVOLUTION SLIDER -->\n[\/vc_column][\/vc_row][vc_row desktop_visibility=\u00a0\u00bbhide\u00a0\u00bb][vc_column]\n\t\t\t<!-- START Lanthier foot 2 REVOLUTION SLIDER 6.1.5 --><p class=\"rs-p-wp-fix\"><\/p>\n\t\t\t<rs-module-wrap id=\"rev_slider_13_2_wrapper\" data-source=\"gallery\" style=\"background:transparent;padding:0;margin:0px auto;margin-top:0;margin-bottom:0;\">\n\t\t\t\t<rs-module id=\"rev_slider_13_2\" style=\"display:none;\" data-version=\"6.1.5\">\n\t\t\t\t\t<rs-slides>\n\t\t\t\t\t\t<rs-slide data-key=\"rs-13\" data-title=\"Slide\" data-anim=\"ei:d;eo:d;s:1000;r:0;t:fade;sl:0;\">\n\t\t\t\t\t\t\t<img src=\"\/\/www.lanthierbakery.com\/FR\/wp-content\/plugins\/revslider\/public\/assets\/assets\/transparent.png\" title=\"Aide G\u00e9n\u00e9ral\" class=\"rev-slidebg\" data-no-retina>\n<!--\n\t\t\t\t\t\t\t--><rs-layer\n\t\t\t\t\t\t\t\tid=\"slider-13-slide-13-layer-0\" \n\t\t\t\t\t\t\t\tdata-type=\"image\"\n\t\t\t\t\t\t\t\tdata-xy=\"x:c;\"\n\t\t\t\t\t\t\t\tdata-text=\"w:normal;\"\n\t\t\t\t\t\t\t\tdata-dim=\"w:100%;\"\n\t\t\t\t\t\t\t\tdata-rsp_o=\"off\"\n\t\t\t\t\t\t\t\tdata-rsp_bd=\"off\"\n\t\t\t\t\t\t\t\tdata-frame_999=\"o:0;st:w;\"\n\t\t\t\t\t\t\t\tstyle=\"z-index:5;\"\n\t\t\t\t\t\t\t><img src=\"\/\/www.lanthierbakery.com\/FR\/wp-content\/uploads\/2020\/02\/Lanthier-Footer-BD.jpg\" alt=\"Image d\u00e9corative de Lanthier\" width=\"1920\" height=\"668\" data-c=\"fullwidth\" data-no-retina> \n\t\t\t\t\t\t\t<\/rs-layer><!--\n-->\t\t\t\t\t\t<\/rs-slide>\n\t\t\t\t\t<\/rs-slides>\n\t\t\t\t\t<rs-progress class=\"rs-bottom\" style=\"visibility: hidden !important;\"><\/rs-progress>\n\t\t\t\t<\/rs-module>\n\t\t\t\t<script type=\"text\/javascript\">\n\t\t\t\t\tsetREVStartSize({c: 'rev_slider_13_2',rl:[1240,1024,778,480],el:[650],gw:[1920],gh:[650],layout:'fullwidth',mh:\"0\"});\n\t\t\t\t\tvar\trevapi13,\n\t\t\t\t\t\ttpj;\n\t\t\t\t\tjQuery(function() {\n\t\t\t\t\t\ttpj = jQuery;\n\t\t\t\t\t\tif(tpj(\"#rev_slider_13_2\").revolution == undefined){\n\t\t\t\t\t\t\trevslider_showDoubleJqueryError(\"#rev_slider_13_2\");\n\t\t\t\t\t\t}else{\n\t\t\t\t\t\t\trevapi13 = tpj(\"#rev_slider_13_2\").show().revolution({\n\t\t\t\t\t\t\t\tsliderType:\"hero\",\n\t\t\t\t\t\t\t\tjsFileLocation:\"\/\/www.lanthierbakery.com\/FR\/wp-content\/plugins\/revslider\/public\/assets\/js\/\",\n\t\t\t\t\t\t\t\tsliderLayout:\"fullwidth\",\n\t\t\t\t\t\t\t\tvisibilityLevels:\"1240,1024,778,480\",\n\t\t\t\t\t\t\t\tgridwidth:1920,\n\t\t\t\t\t\t\t\tgridheight:650,\n\t\t\t\t\t\t\t\tminHeight:\"\",\n\t\t\t\t\t\t\t\tspinner:\"spinner0\",\n\t\t\t\t\t\t\t\teditorheight:\"650,768,960,720\",\n\t\t\t\t\t\t\t\tresponsiveLevels:\"1240,1024,778,480\",\n\t\t\t\t\t\t\t\tdisableProgressBar:\"on\",\n\t\t\t\t\t\t\t\tnavigation: {\n\t\t\t\t\t\t\t\t\tonHoverStop:false\n\t\t\t\t\t\t\t\t},\n\t\t\t\t\t\t\t\tscrolleffect: {\n\t\t\t\t\t\t\t\t\tset:true,\n\t\t\t\t\t\t\t\t\tmultiplicator:1.3,\n\t\t\t\t\t\t\t\t\tmultiplicator_layers:1.3,\n\t\t\t\t\t\t\t\t\tmobile:true\n\t\t\t\t\t\t\t\t},\n\t\t\t\t\t\t\t\tsbtimeline: {\n\t\t\t\t\t\t\t\t\tset:true\n\t\t\t\t\t\t\t\t},\n\t\t\t\t\t\t\t\tfallbacks: {\n\t\t\t\t\t\t\t\t\tallowHTML5AutoPlayOnAndroid:true\n\t\t\t\t\t\t\t\t},\n\t\t\t\t\t\t\t});\n\t\t\t\t\t\t}\n\t\t\t\t\t\t\n\t\t\t\t\t});\n\t\t\t\t<\/script>\n\t\t\t<\/rs-module-wrap>\n\t\t\t<!-- END REVOLUTION SLIDER -->\n[\/vc_column][\/vc_row]<\/p>\n","protected":false},"excerpt":{"rendered":"<p>[vc_row section_type=\u00a0\u00bbfullwidth\u00a0\u00bb padding_top_multiplier=\u00a0\u00bb\u00a0\u00bb][vc_column][vc_single_image image=\u00a0\u00bb4966&Prime; img_size=\u00a0\u00bbfull\u00a0\u00bb][\/vc_column][\/vc_row][vc_row padding_top_multiplier=\u00a0\u00bb\u00a0\u00bb][vc_column width=\u00a0\u00bb1\/6&Prime;][\/vc_column][vc_column width=\u00a0\u00bb2\/3&Prime;][vc_column_text] La boulangerie Lanthier est une entreprise familiale innovante et reconnue pour ses produits de qualit\u00e9. L&rsquo;entreprise a r\u00e9cemment ajout\u00e9 de nouvelles lignes de production et continue de cro\u00eetre. Si vous \u00eates une personne dynamique avec une bonne \u00e9thique de travail, envoyez-nous votre candidature ! [\/vc_column_text][\/vc_column][vc_column width=\u00a0\u00bb1\/6&Prime;][\/vc_column][\/vc_row][vc_row padding_bottom_multiplier=\u00a0\u00bb2x\u00a0\u00bb [&hellip;]<\/p>\n","protected":false},"author":1,"featured_media":0,"parent":4780,"menu_order":0,"comment_status":"closed","ping_status":"closed","template":"","meta":[],"folder":[41,33],"yoast_head":"<!-- This site is optimized with the Yoast SEO plugin v19.14 - https:\/\/yoast.com\/wordpress\/plugins\/seo\/ -->\n<title>Aide G\u00e9n\u00e9ral - Lanthier<\/title>\n<meta name=\"robots\" content=\"index, follow, max-snippet:-1, max-image-preview:large, max-video-preview:-1\" \/>\n<link rel=\"canonical\" href=\"https:\/\/www.lanthierbakery.com\/FR\/recrutement\/aide-general-2\/\" \/>\n<meta property=\"og:locale\" content=\"fr_FR\" \/>\n<meta property=\"og:type\" content=\"article\" \/>\n<meta property=\"og:title\" content=\"Aide G\u00e9n\u00e9ral - Lanthier\" \/>\n<meta property=\"og:description\" content=\"[vc_row section_type=\u00a0\u00bbfullwidth\u00a0\u00bb padding_top_multiplier=\u00a0\u00bb\u00a0\u00bb][vc_column][vc_single_image image=\u00a0\u00bb4966&Prime; img_size=\u00a0\u00bbfull\u00a0\u00bb][\/vc_column][\/vc_row][vc_row padding_top_multiplier=\u00a0\u00bb\u00a0\u00bb][vc_column width=\u00a0\u00bb1\/6&Prime;][\/vc_column][vc_column width=\u00a0\u00bb2\/3&Prime;][vc_column_text] La boulangerie Lanthier est une entreprise familiale innovante et reconnue pour ses produits de qualit\u00e9. L&rsquo;entreprise a r\u00e9cemment ajout\u00e9 de nouvelles lignes de production et continue de cro\u00eetre. Si vous \u00eates une personne dynamique avec une bonne \u00e9thique de travail, envoyez-nous votre candidature ! [\/vc_column_text][\/vc_column][vc_column width=\u00a0\u00bb1\/6&Prime;][\/vc_column][\/vc_row][vc_row padding_bottom_multiplier=\u00a0\u00bb2x\u00a0\u00bb [&hellip;]\" \/>\n<meta property=\"og:url\" content=\"https:\/\/www.lanthierbakery.com\/FR\/recrutement\/aide-general-2\/\" \/>\n<meta property=\"og:site_name\" content=\"Lanthier\" \/>\n<meta property=\"article:modified_time\" content=\"2021-11-29T09:25:03+00:00\" \/>\n<meta name=\"twitter:card\" content=\"summary_large_image\" \/>\n<meta name=\"twitter:label1\" content=\"Dur\u00e9e de lecture estim\u00e9e\" \/>\n\t<meta name=\"twitter:data1\" content=\"2 minutes\" \/>\n<script type=\"application\/ld+json\" class=\"yoast-schema-graph\">{\"@context\":\"https:\/\/schema.org\",\"@graph\":[{\"@type\":\"WebPage\",\"@id\":\"https:\/\/www.lanthierbakery.com\/FR\/recrutement\/aide-general-2\/\",\"url\":\"https:\/\/www.lanthierbakery.com\/FR\/recrutement\/aide-general-2\/\",\"name\":\"Aide G\u00e9n\u00e9ral - Lanthier\",\"isPartOf\":{\"@id\":\"https:\/\/www.lanthierbakery.com\/FR\/#website\"},\"datePublished\":\"2021-05-18T15:49:11+00:00\",\"dateModified\":\"2021-11-29T09:25:03+00:00\",\"breadcrumb\":{\"@id\":\"https:\/\/www.lanthierbakery.com\/FR\/recrutement\/aide-general-2\/#breadcrumb\"},\"inLanguage\":\"fr-FR\",\"potentialAction\":[{\"@type\":\"ReadAction\",\"target\":[\"https:\/\/www.lanthierbakery.com\/FR\/recrutement\/aide-general-2\/\"]}]},{\"@type\":\"BreadcrumbList\",\"@id\":\"https:\/\/www.lanthierbakery.com\/FR\/recrutement\/aide-general-2\/#breadcrumb\",\"itemListElement\":[{\"@type\":\"ListItem\",\"position\":1,\"name\":\"Accueil\",\"item\":\"https:\/\/www.lanthierbakery.com\/FR\/\"},{\"@type\":\"ListItem\",\"position\":2,\"name\":\"Recrutement\",\"item\":\"https:\/\/www.lanthierbakery.com\/FR\/recrutement\/\"},{\"@type\":\"ListItem\",\"position\":3,\"name\":\"Aide G\u00e9n\u00e9ral\"}]},{\"@type\":\"WebSite\",\"@id\":\"https:\/\/www.lanthierbakery.com\/FR\/#website\",\"url\":\"https:\/\/www.lanthierbakery.com\/FR\/\",\"name\":\"Lanthier\",\"description\":\"Bakery . Boulangerie\",\"potentialAction\":[{\"@type\":\"SearchAction\",\"target\":{\"@type\":\"EntryPoint\",\"urlTemplate\":\"https:\/\/www.lanthierbakery.com\/FR\/?s={search_term_string}\"},\"query-input\":\"required name=search_term_string\"}],\"inLanguage\":\"fr-FR\"}]}<\/script>\n<!-- \/ Yoast SEO plugin. -->","yoast_head_json":{"title":"Aide G\u00e9n\u00e9ral - Lanthier","robots":{"index":"index","follow":"follow","max-snippet":"max-snippet:-1","max-image-preview":"max-image-preview:large","max-video-preview":"max-video-preview:-1"},"canonical":"https:\/\/www.lanthierbakery.com\/FR\/recrutement\/aide-general-2\/","og_locale":"fr_FR","og_type":"article","og_title":"Aide G\u00e9n\u00e9ral - Lanthier","og_description":"[vc_row section_type=\u00a0\u00bbfullwidth\u00a0\u00bb padding_top_multiplier=\u00a0\u00bb\u00a0\u00bb][vc_column][vc_single_image image=\u00a0\u00bb4966&Prime; img_size=\u00a0\u00bbfull\u00a0\u00bb][\/vc_column][\/vc_row][vc_row padding_top_multiplier=\u00a0\u00bb\u00a0\u00bb][vc_column width=\u00a0\u00bb1\/6&Prime;][\/vc_column][vc_column width=\u00a0\u00bb2\/3&Prime;][vc_column_text] La boulangerie Lanthier est une entreprise familiale innovante et reconnue pour ses produits de qualit\u00e9. L&rsquo;entreprise a r\u00e9cemment ajout\u00e9 de nouvelles lignes de production et continue de cro\u00eetre. Si vous \u00eates une personne dynamique avec une bonne \u00e9thique de travail, envoyez-nous votre candidature ! [\/vc_column_text][\/vc_column][vc_column width=\u00a0\u00bb1\/6&Prime;][\/vc_column][\/vc_row][vc_row padding_bottom_multiplier=\u00a0\u00bb2x\u00a0\u00bb [&hellip;]","og_url":"https:\/\/www.lanthierbakery.com\/FR\/recrutement\/aide-general-2\/","og_site_name":"Lanthier","article_modified_time":"2021-11-29T09:25:03+00:00","twitter_card":"summary_large_image","twitter_misc":{"Dur\u00e9e de lecture estim\u00e9e":"2 minutes"},"schema":{"@context":"https:\/\/schema.org","@graph":[{"@type":"WebPage","@id":"https:\/\/www.lanthierbakery.com\/FR\/recrutement\/aide-general-2\/","url":"https:\/\/www.lanthierbakery.com\/FR\/recrutement\/aide-general-2\/","name":"Aide G\u00e9n\u00e9ral - Lanthier","isPartOf":{"@id":"https:\/\/www.lanthierbakery.com\/FR\/#website"},"datePublished":"2021-05-18T15:49:11+00:00","dateModified":"2021-11-29T09:25:03+00:00","breadcrumb":{"@id":"https:\/\/www.lanthierbakery.com\/FR\/recrutement\/aide-general-2\/#breadcrumb"},"inLanguage":"fr-FR","potentialAction":[{"@type":"ReadAction","target":["https:\/\/www.lanthierbakery.com\/FR\/recrutement\/aide-general-2\/"]}]},{"@type":"BreadcrumbList","@id":"https:\/\/www.lanthierbakery.com\/FR\/recrutement\/aide-general-2\/#breadcrumb","itemListElement":[{"@type":"ListItem","position":1,"name":"Accueil","item":"https:\/\/www.lanthierbakery.com\/FR\/"},{"@type":"ListItem","position":2,"name":"Recrutement","item":"https:\/\/www.lanthierbakery.com\/FR\/recrutement\/"},{"@type":"ListItem","position":3,"name":"Aide G\u00e9n\u00e9ral"}]},{"@type":"WebSite","@id":"https:\/\/www.lanthierbakery.com\/FR\/#website","url":"https:\/\/www.lanthierbakery.com\/FR\/","name":"Lanthier","description":"Bakery . Boulangerie","potentialAction":[{"@type":"SearchAction","target":{"@type":"EntryPoint","urlTemplate":"https:\/\/www.lanthierbakery.com\/FR\/?s={search_term_string}"},"query-input":"required name=search_term_string"}],"inLanguage":"fr-FR"}]}},"_links":{"self":[{"href":"https:\/\/www.lanthierbakery.com\/FR\/wp-json\/wp\/v2\/pages\/5180"}],"collection":[{"href":"https:\/\/www.lanthierbakery.com\/FR\/wp-json\/wp\/v2\/pages"}],"about":[{"href":"https:\/\/www.lanthierbakery.com\/FR\/wp-json\/wp\/v2\/types\/page"}],"author":[{"embeddable":true,"href":"https:\/\/www.lanthierbakery.com\/FR\/wp-json\/wp\/v2\/users\/1"}],"replies":[{"embeddable":true,"href":"https:\/\/www.lanthierbakery.com\/FR\/wp-json\/wp\/v2\/comments?post=5180"}],"version-history":[{"count":2,"href":"https:\/\/www.lanthierbakery.com\/FR\/wp-json\/wp\/v2\/pages\/5180\/revisions"}],"predecessor-version":[{"id":5192,"href":"https:\/\/www.lanthierbakery.com\/FR\/wp-json\/wp\/v2\/pages\/5180\/revisions\/5192"}],"up":[{"embeddable":true,"href":"https:\/\/www.lanthierbakery.com\/FR\/wp-json\/wp\/v2\/pages\/4780"}],"wp:attachment":[{"href":"https:\/\/www.lanthierbakery.com\/FR\/wp-json\/wp\/v2\/media?parent=5180"}],"wp:term":[{"taxonomy":"folder","embeddable":true,"href":"https:\/\/www.lanthierbakery.com\/FR\/wp-json\/wp\/v2\/folder?post=5180"}],"curies":[{"name":"wp","href":"https:\/\/api.w.org\/{rel}","templated":true}]}}